{"id":105,"date":"2013-01-22T08:55:56","date_gmt":"2013-01-22T08:55:56","guid":{"rendered":"http:\/\/laattapekka.fi\/?page_id=105"},"modified":"2024-12-16T15:27:25","modified_gmt":"2024-12-16T15:27:25","slug":"suositukset","status":"publish","type":"page","link":"https:\/\/laattapekka.fi\/?page_id=105","title":{"rendered":"Suositukset"},"content":{"rendered":"\n<h2><b>\u201dTuloksena erinomainen lattia\u201d<\/b><\/h2>\n<p>Laattapekalle kiitos takkahuoneen lattian laatoituksesta. Lattian\ntasoitus ja pitkien laattojen asennus sujui ammattimaisesti ja nopeasti.\nTuloksena erinomainen lattia.<\/p>\n<address><i>B\u00f6rje, Helsinki<\/i><\/address>\n<h2><b>\u201dTakkahuoneeseen uusi ilme\u201d<\/b><\/h2>\n<p>Paritalohuoneistomme takkahuoneen lattial\u00e4mmitys oli mennyt rikki ja samalla halusimme sinne my\u00f6s uutta ilmett\u00e4 ja v\u00e4ri\u00e4. LaattaPekka valikoitui tarjousten joukosta parhaaksi. Ei hinnan vaan kokonaisuuden takia.\nEik\u00e4 tarvinnut petty\u00e4. Pekka hoiti erinomaisesti 30 m2 takkatilamme lattialaatoituksen.\nJa mik\u00e4 parasta, ty\u00f6n j\u00e4ljen lis\u00e4ksi, niin ty\u00f6n eri vaiheet ja muutkin asiat sujuivat aikataulussa juuri niinkuin oli sovittu.\nSuosittelemme Pekkaa l\u00e4mpim\u00e4sti.<\/p>\n<a href=\"https:\/\/laattapekka.fi\/?portfolio=tepon-ja-ullan-takkahuone\">Katso kuvat!<\/a><\/p>\n<address><i>Teppo ja Ulla, Espoo<\/i><\/address>\n<h2><b>\u201dErinomaista j\u00e4lke\u00e4 keitti\u00f6ss\u00e4mme\u201d<\/b><\/h2>\n<p>Laatta-Pekka teki meille paritalon keitti\u00f6n ja eteisen laatoituksen, ja j\u00e4lki on kerrassaan erinomainen. Pekka oli projektissa alusta alkaen aktiivisesti mukana ja auttoi meit\u00e4 materiaalien valinnassa ja hankkimisessa. Ty\u00f6n edetess\u00e4 Pekka piti aktiivisesti yhteytt\u00e4 muihin projektissa tarvittaviin osapuoliin, mm. s\u00e4hk\u00f6mieheen, ja helpotti t\u00e4ten meid\u00e4n el\u00e4m\u00e4\u00e4mme ty\u00f6n koordinoimisessa. Yhteydenpito Pekan kanssa oli helppoa, mutkatonta ja miellytt\u00e4v\u00e4\u00e4, ja Pekka oli aina tavoitettavissa kun kysytt\u00e4v\u00e4\u00e4 ilmeni. Kaiken kaikkiaan mielikuvaksemme Pekan ty\u00f6st\u00e4 j\u00e4i vahva panostus lopputuloksen laatuun ja erinomaiseen asiakaskokemukseen!<\/p>\n<address><i>Minna, Espoo<\/i><\/address>\n<h2><b>\u201dTy\u00f6nj\u00e4lki on moitteetonta ja lopputulos eritt\u00e4in siisti\u201d<\/b><\/h2>\n<p>Laatta-Pekka toteutti kerrostalokaksion kylpyhuoneremontin vesieristyksen ja laatoituksen. Ty\u00f6nj\u00e4lki on moitteetonta ja lopputulos eritt\u00e4in siisti. Remontti eteni suunnitellusti sek\u00e4 joustavasti ja pysyi eritt\u00e4in hyvin aikataulussa. Yhteydenpito remontin aikana oli sujuvaa. Kiitokset hyvin hoidetusta projektista, annamme suosittelut Laatta-Pekalle!<\/p>\n<address><i>Kaisa ja Marko, Kirkkonummi<\/i><\/address>\n<h2><b>\u201dPekka tiet\u00e4\u00e4 mit\u00e4 tekee ja tekee sen mit\u00e4 lupaa\u201d<\/b><\/h2>\n<p>Pekka tiet\u00e4\u00e4 mit\u00e4 tekee ja tekee sen mit\u00e4 lupaa \u2013\n\u00e4\u00e4rimm\u00e4isell\u00e4 tarkkuudella.\nPanostimme pesuhuoneen ja saunan laattoihin. Asennettavat laatat olivat\nkooltaan 120&#215;60 cm sek\u00e4 lattioissa ett\u00e4 seiniss\u00e4. Haastetta toi\nlaattojen ison koon lis\u00e4ksi musta marmorilaatta. Marmorikuvio vaatii\nlaatoittajalta visuaalista silm\u00e4\u00e4, jotta lopputuloksesta tulee\ntasapainoinen ja hyv\u00e4n n\u00e4k\u00f6inen.\nMeid\u00e4n uuden kotimme laatoitukset on pieteetill\u00e4 tehty. Pekka taisi\nlaatoittaessa mainita, ett\u00e4 ty\u00f6 tulee tehd\u00e4 niin kuin itselle tekisi.\nN\u00e4in se on. Suosittelemme eritt\u00e4in mielell\u00e4mme Pekkaa haastavampiin\nlaatoitust\u00f6ihin.<\/p>\n<address><i>Roope ja Taru, Vantaa<\/i><\/address>\n<h2><b>\u201dKiitos unelmiemme kylpyhuoneen toteuttamisesta!\u201d<\/b><\/h2>\n<p>Kylpyhuoneremonttimme valmistui aikataulussa ja ty\u00f6n j\u00e4lki on moitteetonta. Asioiminen osaavien, mukavien ja palveluhenkisten ammattilaisten kanssa oli miellytt\u00e4v\u00e4\u00e4 ja sovituista asioista pidettiin kiinni. Kiitos urakoitsijalle unelmiemme kylpyhuoneen toteuttamisesta!<\/p>\n<a href=\"https:\/\/laattapekka.fi\/?portfolio=mikin-kylpyhuone\">Katso kuvat!<\/a><\/p>\n<address><i>Mikki, Helsinki<\/i><\/address>\n<h2><b>\u201dOlemme lopputulokseen eritt\u00e4in tyytyv\u00e4isi\u00e4\u201d<\/b><\/h2>\n<p>Suosittelemme l\u00e4mpim\u00e4sti LaattaPekkaa jos on kyse keitti\u00f6n\/kylpp\u00e4rin laatoituksesta\/saumat\u00f6ist\u00e4. Ensimm\u00e4isest\u00e4 yhteydenotosta p\u00e4\u00e4simme nopeasti alkuun ja lopputulokseen olemme eritt\u00e4in tyytyv\u00e4isi\u00e4.<\/p>\n<a href=\"https:\/\/laattapekka.fi\/?portfolio=patrikin-ja-saran-keittion-laatoitus\">Katso kuvat!<\/a><\/p>\n<address><i>Patrik ja Sara, Helsinki<\/i><\/address>\n<h2><b>\u201dTarkkaa laatoitusty\u00f6t\u00e4\u201d<\/b><\/h2>\n<p>LaattaPekka teki saunan lattian, kylpyhuoneen ja vessan laatoitusty\u00f6t sek\u00e4 korjasi ulkorappusen laatoitusta. Pekka on laatoituksen ammattilainen, jonka kanssa yhteisty\u00f6 oli mutkatonta ja sujuvaa. Ty\u00f6j\u00e4lki oli erinomaista. H\u00e4nt\u00e4 voi l\u00e4mpim\u00e4sti suositella laatoitusprojekteihin.<\/p>\n<address><i>Sari, Espoo<\/i><\/address>\n<h2><b>\u201dLopputulos on todella hieno ja laadultaan ensiluokkainen\u201d<\/b><\/h2>\n<p>Kohteemme oli vaativan taivasalla olevan betoniportaan uudelleen laatoitus. Pekka teki ty\u00f6n perusteellisesti ja selvitti parhaat k\u00e4ytett\u00e4viss\u00e4 olevat materiaalit ja varmisti pohjat\u00f6ill\u00e4 mm. oikeat kaadot. Lopputulos on todella hieno ja laadultaan ensiluokkainen. Pekkaa voi varauksetta suositella.<\/p>\n<address><i>Markku, Espoo<\/i><\/address>\n<h2><b>\u201dLaatoitus on kauniin symmetrinen ja tasainen\u201d<\/b><\/h2>\n<p>Vaihdoimme viime hetkill\u00e4 keitti\u00f6mme v\u00e4litilalaatoittajan ja LaattaPekka otti ty\u00f6n hoidettavakseen hyvin lyhyell\u00e4 varoitusajalla. Yhteydenpito oli kaikissa vaiheissa sujuvaa ja alusta asti tuli tunne, ett\u00e4 nyt keskustellaan oikean ammattilaisen kanssa. Saimme heti asiantuntevat neuvot ja suositukset laadukkaista v\u00e4reist\u00e4 ja materiaaleista. Pekka ei aikaile turhia vaan tekee ty\u00f6ns\u00e4 ripe\u00e4sti, mutta ty\u00f6nj\u00e4lki on eritt\u00e4in huolellista. Laatoitus on kauniin symmetrinen ja tasainen, sauma-aineen ja silikonin v\u00e4ri sopii hyvin laattaan sek\u00e4 kalusteisiin. Lis\u00e4haastetta ty\u00f6h\u00f6n toi helposti kaiken\npintaansa imev\u00e4 puinen ty\u00f6taso, mutta Pekan j\u00e4ljilt\u00e4 tasossa ei ole j\u00e4lke\u00e4k\u00e4\u00e4n. Olemme ty\u00f6h\u00f6n eritt\u00e4in tyytyv\u00e4isi\u00e4 ja suosittelemme h\u00e4nt\u00e4 varmasti eteenp\u00e4in!<\/p>\n<a href=\"https:\/\/laattapekka.fi\/?portfolio=riikan-ja-valtterin-keittion-valitilalaatoitus\">Katso kuvat!<\/a><\/p>\n<address><i>Riikka ja Valtteri, Helsinki<\/i><\/address>\n<h2><b>\u201dTy\u00f6 j\u00e4rjestyi sujuvasti ja laatu oli loistavaa\u201d<\/b><\/h2>\n<a href=\"https:\/\/laattapekka.fi\/?portfolio=keittion-valitilan-laatoitus-hexagon-laatoilla-2\">Katso kuvat!<\/a><\/p>\n<address><i>Tatu, Helsinki<\/i><\/address>\n<h2><b>\u201dKylpyhuoneestamme tuli hienompi, kuin osasimme odottaa\u201d<\/b><\/h2>\n<p>Voimme l\u00e4mpim\u00e4sti suositella Laatta Pekkaa. Ty\u00f6n j\u00e4lki oli eritt\u00e4in siisti\u00e4. Pekka on asiantunteva ja ammattitaitoinen. Saimme asiantuntevaa apua materiaalivalinnoissa ja vastauksia mielt\u00e4 askarruttaviin kysymyksiin. Kommunikointi oli my\u00f6s sujuvaa. Kylpyhuoneestamme tuli hienompi, kuin osasimme odottaa!<\/p>\n<address><i>Matias ja Venla, Espoo<\/i><\/address>\n<h2><b>\u201dTodellinen ammattimies ja viimeisen p\u00e4\u00e4lle asiakaspalveluhenkinen\u201d<\/b><\/h2>\n<p>Saatiin Pekka tekem\u00e4\u00e4n uudiskohteemme laatoitusty\u00f6t pikaisella aikataululla kilpailukykyiseen hintaan. Priimaa tuli. Todellinen ammattimies ja viimeisen p\u00e4\u00e4lle asiakaspalveluhenkinen. Kaiken lis\u00e4ksi my\u00f6s mukava heppu. Ehdottomasti ottaisimme laatoitusty\u00f6t h\u00e4nelt\u00e4 toistekin.<\/p>\n<address><i>Elina ja Eero, Espoo<\/i><\/address>\n<h2><b>\u201dKylpyhuoneesta tuli asuntoni helmi\u201d<\/b><\/h2>\n<p>Halusin remontoida Hakaniemess\u00e4 sijaitsevan kaksioni kylpyhuoneen lattiasta kattoon. Pekka hoiti vaativan laatoitusty\u00f6n eritt\u00e4in nopealla aikataululla, vahvalla ammattitaidolla ja \u00e4\u00e4rimm\u00e4isell\u00e4 tarkkuudella saaden kiitosta my\u00f6s taloyhti\u00f6n m\u00e4\u00e4rittelem\u00e4lt\u00e4 valvojalta. Samalla Pekka auttoi oma-aloitteisesti materiaalivalinnoissa ja sys\u00e4si projektia eteenp\u00e4in.<br>Kylpyhuoneesta tuli asuntoni helmi. Suosittelen ehdottomasti!<br><a href=\"https:\/\/laattapekka.fi\/?portfolio=lassen-kylpyhuone-hakaniemessa\">Katso kuvat!<\/a><\/p>\n<address><i>Lasse Lotvonen<\/i><\/address>\n<h2><b>\u201dLaatoitusty\u00f6n j\u00e4lki oli erinomainen ja huolella tehty\u201d<\/b><\/h2>\n<p>LaattaPekka tuli pelastamaan keitti\u00f6mme tilanteen osaamattoman laatoittajan j\u00e4ljilt\u00e4. H\u00e4n p\u00e4\u00e4si hommiin nopeasti joustavalla aikataululla, auttoi materiaalivalinnoissa ja hoiti yhteydenpidon sujuvasti. Laatoitusty\u00f6n j\u00e4lki oli erinomainen ja huolella tehty, ja laatoituksesta tulikin keitti\u00f6mme kruunu, jota olemme joka p\u00e4iv\u00e4 ihailleet. Kaikinpuolin ammattitaitoista ja laadukasta toimintaa. Suosittelemme Pekkaa l\u00e4mpim\u00e4sti ja varmasti tarvittaessa k\u00e4yt\u00e4mme h\u00e4nen<br>palveluita jatkossakin.<\/p>\n<address><i>Riikka ja Juhamatti, Helsinki<\/i><\/address>\n<h2><b>\u201dOsoittautui eritt\u00e4in ammattitaitoiseksi ja miellytt\u00e4v\u00e4ksi\u201d<\/b><\/h2>\n<p>Laattapekka osoittautui eritt\u00e4in ammattitaitoiseksi ja miellytt\u00e4v\u00e4ksi tekij\u00e4ksi tulevan kotimme laatoitust\u00f6iss\u00e4. H\u00e4n ymm\u00e4rsi hyvin peruskorjausprojektimme erikoislaatuisuuden jo tarjouspyynt\u00f6vaiheessa ja oli valmis keskustelemaan ja kokeilemaan tavanomaisesta poikkeaviakin ideoita. Aikataulu pysyi sovitussa ja laskutuksen kanssa ei ollut ongelmia.<br>Suosittelen h\u00e4nt\u00e4 laatoittajaksi kaikkiin kohteisiin ja erityisesti sellaisiin kohteisiin, joissa tarvitaan silm\u00e4\u00e4 suhteuttaa seinien ja lattioiden laattajaot kohdalleen.<\/p>\n<address><i>Seppo Koho, Arkkitehti ja muotoilja<\/i><\/address>\n<h2><b>\u201dKylpyhuoneen lattian p\u00e4\u00e4lle laatoitus vankalla ammattitaidolla\u201d<\/b><\/h2>\n<p>Saimme Pekan paikanp\u00e4\u00e4lle lyhyell\u00e4 varoitusajalla, kun meill\u00e4 oli tarve saada kylpyhuoneen lattian irtoilevan mosaiikkilaatan p\u00e4\u00e4lle uusi laatoitus. Kiinteist\u00f6huollon tarkka ty\u00f6t\u00e4 koskeva kriteerilista ei tuottanut ongelmia, vaan ty\u00f6 valmistui timanttihiontaa sek\u00e4 kynnyksen nostoa my\u00f6ten ripe\u00e4sti ja viel\u00e4 kilpailukykyiseen hintaan. Ty\u00f6n laadussa ei v\u00e4h\u00e4ist\u00e4k\u00e4\u00e4n moittimista asukkaan eik\u00e4 kiinteist\u00f6huollon puolesta. Suosittelemme Pekan palveluja l\u00e4mpim\u00e4sti varsinkin v\u00e4h\u00e4nk\u00e4\u00e4n haastavammissa laatoitust\u00f6iss\u00e4!<\/p>\n<address><i>Samu ja Janna, Espoo<br><\/i><\/address>\n<h2><b>\u201dEritt\u00e4in asiantuntevaa ja yst\u00e4v\u00e4llist\u00e4 palvelua\u201d<\/b><\/h2>\n<p>Voimme l\u00e4mpim\u00e4sti suositella Laatta-Pekkaa kodin laatoitust\u00f6ihin. Saimme h\u00e4nelt\u00e4 nopealla aikataululla eritt\u00e4in asiantuntevaa ja yst\u00e4v\u00e4llist\u00e4 palvelua. Keitti\u00f6n v\u00e4litilan laatoitus sujui Laatta-Pekalta k\u00e4den k\u00e4\u00e4nteess\u00e4 ja ty\u00f6n j\u00e4lki on eritt\u00e4in laadukasta. Tulemme k\u00e4\u00e4ntym\u00e4\u00e4n Laatta-Pekan puoleen varmasti my\u00f6s tulevaisuudessa!<\/p>\n<address><i>Ville ja Maija, Espoo<br><\/i><\/address>\n<h2><b>\u201dLaatu oli hyv\u00e4\u00e4 ja hinta kilpailukykyinen\u201d<\/b><\/h2>\n<p>Normaalia haastavampaan omakotitalon laatoitusurakkaan l\u00f6ydettiin Pekasta hyv\u00e4 tekij\u00e4. Tekeminen meni sovitun aikataulun puitteissa, laatu oli hyv\u00e4\u00e4 ja hinta oli kilpailukykyinen. Voi l\u00e4mpim\u00e4sti suositella muillekin!<\/p>\n<address><i>Tero ja Heli M.<br><\/i><\/address>\n<h2><b>\u201dTiukasta aikataulusta huolimatta, upea lopputulos\u201d<\/b><\/h2>\n<p style=\"text-align: left;\">LaattaPekka pelasti kotimme katastrofilta. Remontin alussa palkkaamamme \u201dammattilainen\u201d pilasi lattiamme ja tehty ty\u00f6 piti purkaa. Remonttiaikataulumme venyi pahasti ja uuteen asuntoon muutto l\u00e4hestyi uhkaavasti. Onneksi l\u00f6ysimme Pekan, joka otti meid\u00e4t lyhyell\u00e4 varoitusajalla asiakkaiksi kaiken muun ty\u00f6ns\u00e4 ohella. Tiukasta aikataulusta huolimatta Pekka hoiti homman millin tarkkuudella ja lopputulos on upea. Pekka neuvoi materiaalien valinnassa ja tarkisti my\u00f6s laattamme laadun ennen ty\u00f6n aloitusta. Pekka on luotettava ja huolellinen ammattilainen ja suosittelemme h\u00e4nt\u00e4 l\u00e4mpim\u00e4sti.<\/p>\n<p>Remontoinnissa kannattaa aina muistaa ett\u00e4 halvalla ei saa hyv\u00e4\u00e4, eik\u00e4 hintakaan ole aina takuuna. Laatoitus on tarkkaa k\u00e4sity\u00f6t\u00e4 ja taitolaji josta the Artist Pekalla on monen vuoden kokemus.<\/p>\n<address><i>Stina ja Esa, Kruunuhaka<\/i><\/address>\n<h2><b>\u201dT\u00e4llaisen lattian tekee vain todellinen osaaja\u201d<\/b><\/h2>\n<p style=\"text-align: left;\">Laatta-Pekka teki Espooseen rakennetun uudistalomme kaikki laatoitusty\u00f6t. Pinta-alaa kertyi l\u00e4hes 300m<sup>2<\/sup>. Ty\u00f6n j\u00e4lki on erinomaista; aikataulut ja ty\u00f6n hinta noudattivat t\u00e4ysin ennalta sopimaamme. LaattaPekka neuvoi materiaalivalinnoissa, joten emme p\u00e4\u00e4sseet tekem\u00e4\u00e4n tyhmyyksi\u00e4. LaattaPekka my\u00f6s hankki ty\u00f6t\u00e4 varten kaiken tarvittavan materiaalin.&nbsp;Olemme lopputulokseen enemm\u00e4n kuin tyytyv\u00e4isi\u00e4. Laattalattia on yll\u00e4tt\u00e4nyt helppohoitoisuudellaan ja kauneudellaan: t\u00e4llaisen lattian osaa tehd\u00e4 vain todellinen osaaja!<\/p>\n<address><i>Erkki ja Raini Sipil\u00e4, Espoo<\/i><\/address>\n<h2><b>\u201dTy\u00f6t eteniv\u00e4t vauhdilla \u2013 olemme eritt\u00e4in tyytyv\u00e4isi\u00e4\u201d<\/b><\/h2>\n<p style=\"text-align: left;\">Asumme Espoon N\u00f6ykki\u00f6ss\u00e4, omakotitalossa joka on rakennettu 1990. Pari vuotta sitten keitti\u00f6, kodinhoitohuone, saniteettitilat ja sauna kaipasivat uudistamista. My\u00f6s kaikki lattialaatat olivat jo aikansa el\u00e4neet. LaattaPekka urakoi koko remontin. Ty\u00f6t eteniv\u00e4t vauhdilla eik\u00e4 j\u00e4lki\u00e4 tarvinnut siivota p\u00e4iv\u00e4n p\u00e4\u00e4tteeksi. Ty\u00f6ajoissa joustettiin toiveemme mukaan. Olemme eritt\u00e4in tyytyv\u00e4isi\u00e4. Kotitalousv\u00e4hennykset pystyimme hy\u00f6dynt\u00e4m\u00e4\u00e4n t\u00e4ysim\u00e4\u00e4r\u00e4isesti kahtena vuotena.<\/p>\n<address><i>Stina ja Jarmo Stav\u00e9n, Espoo<\/i><\/address>\n<h2><strong>\u201dValmistui etuajassa ja j\u00e4lki on moitteetonta\u201d<\/strong><\/h2>\n<p style=\"text-align: left;\">Meill\u00e4 oli alkuvuodesta 2013&nbsp;kohteena kolme omakotitaloa, joihin LaattaPekka palkattiin&nbsp;hoitamaan laatoitust\u00f6iden vesieristys ja varsinainen laatoitusty\u00f6. Laatoitus valmistui&nbsp;etuajassa ja ty\u00f6n j\u00e4lki on moitteetonta. Uudet tilat ovat eritt\u00e4in viihtyis\u00e4t. Jatkamme&nbsp;yhteisty\u00f6t\u00e4 my\u00f6s tulevissa projekteissa.<\/p>\n<address><a>Janne Juurinen, <\/a><a href=\"http:\/\/www.platinakivitalot.fi\/\" target=\"_blank\" rel=\"noopener\">Platina Kivitalot Oy<\/a><\/address>\n<h2><b>&nbsp;<\/b><\/h2>\n","protected":false},"excerpt":{"rendered":"<p>\u201dTuloksena erinomainen lattia\u201d Laattapekalle kiitos takkahuoneen lattian laatoituksesta. Lattian tasoitus ja pitkien laattojen asennus sujui ammattimaisesti ja nopeasti. Tuloksena erinomainen lattia. B\u00f6rje, Helsinki \u201dTakkahuoneeseen uusi ilme\u201d Paritalohuoneistomme takkahuoneen lattial\u00e4mmitys oli mennyt rikki ja samalla halusimme sinne my\u00f6s uutta ilmett\u00e4 ja v\u00e4ri\u00e4. LaattaPekka valikoitui tarjousten joukosta parhaaksi. Ei hinnan vaan kokonaisuuden&#8230;<\/p>\n","protected":false},"author":1,"featured_media":0,"parent":0,"menu_order":0,"comment_status":"closed","ping_status":"closed","template":"template-fullwidth.php","meta":[],"_links":{"self":[{"href":"https:\/\/laattapekka.fi\/index.php?rest_route=\/wp\/v2\/pages\/105"}],"collection":[{"href":"https:\/\/laattapekka.fi\/index.php?rest_route=\/wp\/v2\/pages"}],"about":[{"href":"https:\/\/laattapekka.fi\/index.php?rest_route=\/wp\/v2\/types\/page"}],"author":[{"embeddable":true,"href":"https:\/\/laattapekka.fi\/index.php?rest_route=\/wp\/v2\/users\/1"}],"replies":[{"embeddable":true,"href":"https:\/\/laattapekka.fi\/index.php?rest_route=%2Fwp%2Fv2%2Fcomments&post=105"}],"version-history":[{"count":44,"href":"https:\/\/laattapekka.fi\/index.php?rest_route=\/wp\/v2\/pages\/105\/revisions"}],"predecessor-version":[{"id":535,"href":"https:\/\/laattapekka.fi\/index.php?rest_route=\/wp\/v2\/pages\/105\/revisions\/535"}],"wp:attachment":[{"href":"https:\/\/laattapekka.fi\/index.php?rest_route=%2Fwp%2Fv2%2Fmedia&parent=105"}],"curies":[{"name":"wp","href":"https:\/\/api.w.org\/{rel}","templated":true}]}}