{"id":109,"date":"2013-01-22T08:57:03","date_gmt":"2013-01-22T08:57:03","guid":{"rendered":"http:\/\/laattapekka.fi\/?page_id=109"},"modified":"2013-02-06T12:27:41","modified_gmt":"2013-02-06T12:27:41","slug":"pyyda-tarjous","status":"publish","type":"page","link":"https:\/\/laattapekka.fi\/?page_id=109","title":{"rendered":"Pyyd\u00e4 tarjous"},"content":{"rendered":"<h1><b>Tuumasta toimeen!<\/b><\/h1>\n<h2><b>L\u00e4hdet\u00e4\u00e4nk\u00f6 miettim\u00e4\u00e4n sinun urakkaasi? L\u00e4het\u00e4 minulle perustiedot alla olevalla lomakkeella, niin otan pian yhteytt\u00e4 ja sovitaan arviointik\u00e4ynnist\u00e4. Se on maksuton eik\u00e4 sido sinua mihink\u00e4\u00e4n.<\/b><\/h2>\n<div class=\"qcf-main qcf-style default\"><div id=\"none\"><div class=\"qcf-state qcf-ajax-loading qcf-style default\"><h2 class=\"validating\">Checking...<\/h2><\/div><div class=\"qcf-state qcf-ajax-error qcf-style default\"><div align=\"center\">Ouch! There was a server error.<br \/><a class=\"qcf-retry\">Retry &raquo;<\/a><\/div><\/div><div class=\"qcf-state qcf-sending qcf-style default\"><h2 class=\"sending\">Sending message...<\/h2><\/div><div class='qcf-state qcf-form-wrapper'>\r\t\r\t\r\t<form class='qcf-form' action=\"\" method=\"POST\" enctype=\"multipart\/form-data\" id=\"qfc-form-default-1\">\r\t<input type='hidden' name='id' value='' \/>\r\t<input type=\"text\" id=\"qcf-form-field-id--1\" placeholder=\"Nimi\" class=\"qcf-form-field\" name=\"qcfname1\" value=\"\">\r\t<input type=\"text\" id=\"qcf-form-field-id--8\" placeholder=\"Paikkakunta\" class=\"qcf-form-field\" name=\"qcfname8\" value=\"\">\r\t<input type=\"email\" id=\"qcf-form-field-id--2\" placeholder=\"S\u00e4hk\u00f6posti\" class=\"qcf-form-field\" name=\"qcfname2\" value=\"\">\r\t<input type=\"text\" id=\"qcf-form-field-id--3\" placeholder=\"Puhelin\" class=\"qcf-form-field\" name=\"qcfname3\" value=\"\">\r\t<input type=\"text\" id=\"qcf-form-field-id--9\" placeholder=\"Toivottu toteutusajankohta\" class=\"qcf-form-field\" name=\"qcfname9\" value=\"\">\r\t<textarea id=\"qcf-form-field-id--4\" placeholder=\"Kerro lyhyesti mist\u00e4 on kyse\" class=\"qcf-form-field\" name=\"qcfname4\"><\/textarea>\r\t<p class=\"input \">Ty\u00f6n kohde<\/p><p class=\"input\"><label><input type=\"checkbox\" style=\"margin:0;padding: 0;border: none\" name=\"qcfname6_keitti\u00f6\" value=\"keitti\u00f6\"> keitti\u00f6<\/label><br><label><input type=\"checkbox\" style=\"margin:0;padding: 0;border: none\" name=\"qcfname6_sauna\" value=\"sauna\"> sauna<\/label><br><label><input type=\"checkbox\" style=\"margin:0;padding: 0;border: none\" name=\"qcfname6_pesuhuone\" value=\"pesuhuone\"> pesuhuone<\/label><br><label><input type=\"checkbox\" style=\"margin:0;padding: 0;border: none\" name=\"qcfname6_kodinhoitohuone\" value=\"kodinhoitohuone\"> kodinhoitohuone<\/label><br><label><input type=\"checkbox\" style=\"margin:0;padding: 0;border: none\" name=\"qcfname6_wc\" value=\"wc\"> wc<\/label><br><label><input type=\"checkbox\" style=\"margin:0;padding: 0;border: none\" name=\"qcfname6_eteishalli\" value=\"eteishalli\"> eteishalli<\/label><br><label><input type=\"checkbox\" style=\"margin:0;padding: 0;border: none\" name=\"qcfname6_muutila\" value=\"muu tila\"> muu tila<\/label><br><\/p><p>Turvakysymys<\/p><p>2 + 4 = <input type=\"text\" class=\"required\" style=\"width:3em;font-size:inherit\" name=\"qcfname12\" value=\"\"><\/p> \n                <input type=\"hidden\" name=\"answer\" value=\"6\" \/>\n                <input type=\"hidden\" name=\"thesum\" value=\"2 + 4\" \/><p><input type=\"submit\" value=\"L\u00e4het\u00e4\" id=\"submit\" name=\"qcfsubmit\" \/><\/p><input type=\"hidden\" name=\"form_id\" value=\"69d80eb0d637c2\" \/><\/form><\/div>\r\t<div style=\"clear:both\"><\/div><\/div>\r\t<\/div>\r\t\n","protected":false},"excerpt":{"rendered":"<p>Tuumasta toimeen! L\u00e4hdet\u00e4\u00e4nk\u00f6 miettim\u00e4\u00e4n sinun urakkaasi? L\u00e4het\u00e4 minulle perustiedot alla olevalla lomakkeella, niin otan pian yhteytt\u00e4 ja sovitaan arviointik\u00e4ynnist\u00e4. Se on maksuton eik\u00e4 sido sinua mihink\u00e4\u00e4n.<\/p>\n","protected":false},"author":1,"featured_media":0,"parent":0,"menu_order":0,"comment_status":"closed","ping_status":"closed","template":"","meta":[],"_links":{"self":[{"href":"https:\/\/laattapekka.fi\/index.php?rest_route=\/wp\/v2\/pages\/109"}],"collection":[{"href":"https:\/\/laattapekka.fi\/index.php?rest_route=\/wp\/v2\/pages"}],"about":[{"href":"https:\/\/laattapekka.fi\/index.php?rest_route=\/wp\/v2\/types\/page"}],"author":[{"embeddable":true,"href":"https:\/\/laattapekka.fi\/index.php?rest_route=\/wp\/v2\/users\/1"}],"replies":[{"embeddable":true,"href":"https:\/\/laattapekka.fi\/index.php?rest_route=%2Fwp%2Fv2%2Fcomments&post=109"}],"version-history":[{"count":16,"href":"https:\/\/laattapekka.fi\/index.php?rest_route=\/wp\/v2\/pages\/109\/revisions"}],"predecessor-version":[{"id":270,"href":"https:\/\/laattapekka.fi\/index.php?rest_route=\/wp\/v2\/pages\/109\/revisions\/270"}],"wp:attachment":[{"href":"https:\/\/laattapekka.fi\/index.php?rest_route=%2Fwp%2Fv2%2Fmedia&parent=109"}],"curies":[{"name":"wp","href":"https:\/\/api.w.org\/{rel}","templated":true}]}}