{"id":82,"date":"2013-01-22T08:43:09","date_gmt":"2013-01-22T08:43:09","guid":{"rendered":"http:\/\/laattapekka.fi\/?page_id=82"},"modified":"2013-02-06T12:37:07","modified_gmt":"2013-02-06T12:37:07","slug":"laattapekka","status":"publish","type":"page","link":"https:\/\/laattapekka.fi\/?page_id=82","title":{"rendered":"LaattaPekka"},"content":{"rendered":"<h1><b>LaattaPekka tekee priimaa<\/b><\/h1>\n<h2><b style=\"font-size: 1.17em;\">Olen Pekka Metsola, Oulusta Saksan kautta p\u00e4\u00e4kaupunkiseudulle asettunut laatoitusmestari ja perheellinen yritt\u00e4j\u00e4.\u00a0<\/b><b style=\"font-size: 1.17em;\">Vaativat ja haastavat laatoitusty\u00f6t ovat erikoisalaani.<\/b><\/h2>\n<p>Vuosina 1996-1998 tein t\u00f6it\u00e4 Saksassa, mink\u00e4 j\u00e4lkeen asetuin p\u00e4\u00e4kaupunkiseudulle. Sain jalansijaa rakennusliikkeiss\u00e4, yhteisty\u00f6 Skanskan kanssa tiivistyi ja vuonna 2005 Laatoitusty\u00f6 P. Metsola Oy:sta tuli LaattaPekka Oy. Viime vuosina olen tehnyt laatoitust\u00f6it\u00e4 my\u00f6s pienrakentajille. Teen mielell\u00e4ni haastavia ja yksil\u00f6llisi\u00e4 laatoituksia laatutietoisille asiakkaille. Minulla on kattava kokemus erilaisista laattamateriaaleista, tavanomaisista laatoista luonnonkiviin. Koska pyrin ty\u00f6ss\u00e4ni aina huippulaatuun, arvostan my\u00f6s materiaaleissa laatua.<\/p>\n<p>Asiakkaideni tyytyv\u00e4isyys on minulle t\u00e4rke\u00e4\u00e4. Siksi olen mielell\u00e4ni mukana jo suunnitteluvaiheessa. Neuvon materiaalien valinnassa ja yhdistelyss\u00e4, jotta lopputulos olisi paras mahdollinen, vastaisi odotuksia ja kest\u00e4isi aikaa. Minulla on ajan tasalla oleva vedeneristyssertifikaatti ja annan aina ty\u00f6lleni takuun.<\/p>\n<p><strong>Pekka Metsola\u00a0Laatoitusmestari\u00a0|\u00a0Puhelin 040 587 8765\u00a0|\u00a0pekka@laattapekka.fi<\/strong><\/p>\n<p>&nbsp;<\/p>\n<p>&nbsp;<\/p>\n<p>&nbsp;<\/p>\n","protected":false},"excerpt":{"rendered":"<p>LaattaPekka tekee priimaa Olen Pekka Metsola, Oulusta Saksan kautta p\u00e4\u00e4kaupunkiseudulle asettunut laatoitusmestari ja perheellinen yritt\u00e4j\u00e4.\u00a0Vaativat ja haastavat laatoitusty\u00f6t ovat erikoisalaani. Vuosina 1996-1998 tein t\u00f6it\u00e4 Saksassa, mink\u00e4 j\u00e4lkeen asetuin p\u00e4\u00e4kaupunkiseudulle. Sain jalansijaa rakennusliikkeiss\u00e4, yhteisty\u00f6 Skanskan kanssa tiivistyi ja vuonna 2005 Laatoitusty\u00f6 P. Metsola Oy:sta tuli LaattaPekka Oy. Viime vuosina olen tehnyt&#8230;<\/p>\n","protected":false},"author":1,"featured_media":189,"parent":0,"menu_order":0,"comment_status":"closed","ping_status":"closed","template":"template-fullwidth.php","meta":[],"_links":{"self":[{"href":"https:\/\/laattapekka.fi\/index.php?rest_route=\/wp\/v2\/pages\/82"}],"collection":[{"href":"https:\/\/laattapekka.fi\/index.php?rest_route=\/wp\/v2\/pages"}],"about":[{"href":"https:\/\/laattapekka.fi\/index.php?rest_route=\/wp\/v2\/types\/page"}],"author":[{"embeddable":true,"href":"https:\/\/laattapekka.fi\/index.php?rest_route=\/wp\/v2\/users\/1"}],"replies":[{"embeddable":true,"href":"https:\/\/laattapekka.fi\/index.php?rest_route=%2Fwp%2Fv2%2Fcomments&post=82"}],"version-history":[{"count":21,"href":"https:\/\/laattapekka.fi\/index.php?rest_route=\/wp\/v2\/pages\/82\/revisions"}],"predecessor-version":[{"id":181,"href":"https:\/\/laattapekka.fi\/index.php?rest_route=\/wp\/v2\/pages\/82\/revisions\/181"}],"wp:featuredmedia":[{"embeddable":true,"href":"https:\/\/laattapekka.fi\/index.php?rest_route=\/wp\/v2\/media\/189"}],"wp:attachment":[{"href":"https:\/\/laattapekka.fi\/index.php?rest_route=%2Fwp%2Fv2%2Fmedia&parent=82"}],"curies":[{"name":"wp","href":"https:\/\/api.w.org\/{rel}","templated":true}]}}