{"id":85,"date":"2013-01-22T08:44:25","date_gmt":"2013-01-22T08:44:25","guid":{"rendered":"http:\/\/laattapekka.fi\/?page_id=85"},"modified":"2020-12-07T17:55:59","modified_gmt":"2020-12-07T17:55:59","slug":"materiaalit","status":"publish","type":"page","link":"https:\/\/laattapekka.fi\/?page_id=85","title":{"rendered":"Materiaalit"},"content":{"rendered":"<h1>Kaikki alkaa materiaaleista<\/h1>\n<h3><strong>Materiaalien valinnassa on t\u00e4rke\u00e4\u00e4 huomioida tilan k\u00e4ytt\u00f6tavat, kest\u00e4vyys ja tavoiteltava tunnelma. V\u00e4ri, koko, pintarakenne, saumat, ladontakuviot \u2013 vaihtoehtoja ja yhdistelmi\u00e4 on rajattomasti. Haluatko rustiikkia rakennetta vai helposti siivottavaa ja pelkistetty\u00e4? T\u00e4ll\u00e4 sivulla saat perustietoa materiaaleista ja siit\u00e4, miten valinnat vaikuttavat lopputulokseen.<\/strong><\/h3>\n<h3><span style=\"color: #ff6600;\"><a href=\"http:\/\/www.e-weber.fi\/\" target=\"_blank\"><span style=\"color: #ff6600;\">Weber<\/span><\/a><\/span><\/h3>\n<p>Rakennustuotevalmistaja Weber tarjoaa suomalaisille rakentajille yli 1 000 eri tuotetta ja ratkaisua. Suomessa myyt\u00e4v\u00e4t tuotteet k\u00e4yv\u00e4t l\u00e4pi testit, jotka ovat eurooppalaisia testej\u00e4 tiukemmat ja takaavat tuotteiden sopivuuden Suomen oloihin. Weberin t\u00e4rkeimm\u00e4t tuotemerkit ovat Kahi, Leca ja Vetonit. Tuotteiden saatavuus ja toimitusvarmuus ovat hyv\u00e4t koko maassa; Weberill\u00e4 on Suomessa yhdeks\u00e4n tehdasta, nelj\u00e4 aluevarastoa ja noin 300 ty\u00f6ntekij\u00e4\u00e4.<\/p>\n<h3>Tunnelma<\/h3>\n<p>Laattojen ladontakuvio, v\u00e4rivalinnat ja materiaalit vaikuttavat tilan tunnelmaan. Suorakaiteen muotoiset laatat tuntuvat pident\u00e4v\u00e4n tilaa, kun taas vinoon ladotut laatat antavat tilan tuntua. \u00a0My\u00f6s valaistus ja p\u00e4iv\u00e4nvalon suunta vaikuttavat tunnelmaan.<\/p>\n<h3>Koko<\/h3>\n<p>Eritt\u00e4in suuret ja eritt\u00e4in pienet laatat ovat haasteellisimpia; pieninkin pinnan ep\u00e4tasaisuus n\u00e4kyy. Kun k\u00e4ytet\u00e4\u00e4n eri laattojen yhdistelm\u00e4\u00e4, on t\u00e4rke\u00e4\u00e4, ett\u00e4 laatat voidaan asentaa samaan korkeuteen. Helpointa on valita saman paksuiset laatat, mutta asiantuntijalla on muitakin keinoja.<\/p>\n<h3>V\u00e4ri<\/h3>\n<p>Kun pohdit laattojen v\u00e4ri\u00e4, ota huomioon kalusteiden tyyli ja v\u00e4rit, katon v\u00e4ri sek\u00e4 talon muissa huoneissa k\u00e4ytetyt v\u00e4rit, jos haluat yhten\u00e4isen linjan. Kylpyhuoneissa k\u00e4ytet\u00e4\u00e4n usein valmiita laattasarjoja, joiden laatat sopivat toisiinsa v\u00e4rien ja koon puolesta. Tehostekohdissa voi k\u00e4ytt\u00e4\u00e4 mink\u00e4 tahansa sarjan v\u00e4ri\u00e4, kuosia ja\u00a0kokoa. Saumav\u00e4rin valinta on t\u00e4rke\u00e4 osa laatoituskokonaisuutta. Erityisesti mosaiikkilaatoissa saumav\u00e4rin merkitys korostuu.\u00a0On hyv\u00e4 mietti\u00e4, haluaako korostaa saumaa vai haluaako mahdollisimman neutraalin saumav\u00e4rin.<\/p>\n<h3>Pinta<\/h3>\n<p>Kiilt\u00e4v\u00e4, matta, rosoinen, huokoinen, karhea? Kohde ja k\u00e4ytt\u00f6 ratkaisevat. Esimerkiksi keitti\u00f6n v\u00e4litilan laataksi kannattaa valita helposti puhdistettavat, lasitetut tai tiiviit laatat. M\u00e4rk\u00e4tilojen lattialaatoissa t\u00e4rkeint\u00e4 on turvallisuus; ne eiv\u00e4t saa olla m\u00e4rk\u00e4n\u00e4k\u00e4\u00e4n liukkaat. Yksi ratkaisu on valita karheapintaiset laatat \u2013 toinen on valita hyvin pieni\u00e4 laattoja, jolloin saumat\u00a0toimivat liukuesteen\u00e4. Kodin suurten kuivien tilojen lattioihin keraaminen laatta on erinomainen vaihtoehto, varsinkin jos tilassa on\u00a0lattial\u00e4mmitys. Eteiseen valitaan monesti karheapintainen laatta. Saman sarjan laattoja voi k\u00e4ytt\u00e4\u00e4 kodin muissa tiloissa matta- tai kiilt\u00e4v\u00e4pintaisina.<\/p>\n<h3>Helppohoitoisuus<\/h3>\n<p>Tiloihin, joita siivotaan usein, kuten kuraeteinen, m\u00e4rk\u00e4tilat ja keitti\u00f6, kannattaa valita laatat, jotka on helppo pit\u00e4\u00e4 puhtaana. My\u00f6s sauman v\u00e4rill\u00e4 on merkityst\u00e4. El\u00e4v\u00e4pintaiset kivisein\u00e4t sopivat parhaiten vaikkapa olo- tai takkahuoneeseen, joissa pintaan ei kohdistu kulutusta. Kiilt\u00e4v\u00e4pintaisissa laatoissa p\u00f6ly, lika ja roiskeet n\u00e4kyv\u00e4t helpommin kuin mattapintaisissa laatoissa. Kiilt\u00e4v\u00e4pintaiset lasitetut laatat on helppo pit\u00e4\u00e4 puhtaana oikeilla puhdistusaineilla \u2013 ne on vain\u00a0pyyhitt\u00e4v\u00e4 puhdistuksen j\u00e4lkeen pesuaineroiskeista. Mattapintaisissa laatoissa lika ei n\u00e4y helposti, mutta nekin vaativat s\u00e4\u00e4nn\u00f6llisen puhdistuksen lian pinttymisen est\u00e4miseksi.<\/p>\n<h1><b>\u00a0<\/b><\/h1>\n<p>&nbsp;<\/p>\n<p><a href=\"http:\/\/www.e-weber.fi\/\"><img decoding=\"async\" loading=\"lazy\" src=\"https:\/\/laattapekka.fi\/wp-content\/uploads\/2013\/01\/produtos-quartzolit-weber-saint-gobain-300x189.jpg\" alt=\"produtos-quartzolit-weber-saint-gobain\" width=\"300\" height=\"189\" \/><\/a><\/p>\n","protected":false},"excerpt":{"rendered":"<p>Kaikki alkaa materiaaleista Materiaalien valinnassa on t\u00e4rke\u00e4\u00e4 huomioida tilan k\u00e4ytt\u00f6tavat, kest\u00e4vyys ja tavoiteltava tunnelma. V\u00e4ri, koko, pintarakenne, saumat, ladontakuviot \u2013 vaihtoehtoja ja yhdistelmi\u00e4 on rajattomasti. Haluatko rustiikkia rakennetta vai helposti siivottavaa ja pelkistetty\u00e4? T\u00e4ll\u00e4 sivulla saat perustietoa materiaaleista ja siit\u00e4, miten valinnat vaikuttavat lopputulokseen. Weber Rakennustuotevalmistaja Weber tarjoaa suomalaisille rakentajille&#8230;<\/p>\n","protected":false},"author":1,"featured_media":30,"parent":0,"menu_order":0,"comment_status":"closed","ping_status":"closed","template":"template-fullwidth.php","meta":[],"_links":{"self":[{"href":"https:\/\/laattapekka.fi\/index.php?rest_route=\/wp\/v2\/pages\/85"}],"collection":[{"href":"https:\/\/laattapekka.fi\/index.php?rest_route=\/wp\/v2\/pages"}],"about":[{"href":"https:\/\/laattapekka.fi\/index.php?rest_route=\/wp\/v2\/types\/page"}],"author":[{"embeddable":true,"href":"https:\/\/laattapekka.fi\/index.php?rest_route=\/wp\/v2\/users\/1"}],"replies":[{"embeddable":true,"href":"https:\/\/laattapekka.fi\/index.php?rest_route=%2Fwp%2Fv2%2Fcomments&post=85"}],"version-history":[{"count":26,"href":"https:\/\/laattapekka.fi\/index.php?rest_route=\/wp\/v2\/pages\/85\/revisions"}],"predecessor-version":[{"id":343,"href":"https:\/\/laattapekka.fi\/index.php?rest_route=\/wp\/v2\/pages\/85\/revisions\/343"}],"wp:featuredmedia":[{"embeddable":true,"href":"https:\/\/laattapekka.fi\/index.php?rest_route=\/wp\/v2\/media\/30"}],"wp:attachment":[{"href":"https:\/\/laattapekka.fi\/index.php?rest_route=%2Fwp%2Fv2%2Fmedia&parent=85"}],"curies":[{"name":"wp","href":"https:\/\/api.w.org\/{rel}","templated":true}]}}